{"id":242,"date":"2021-06-10T21:16:22","date_gmt":"2021-06-10T21:16:22","guid":{"rendered":"https:\/\/ccbka.org.br\/?page_id=242"},"modified":"2021-06-10T21:43:29","modified_gmt":"2021-06-10T21:43:29","slug":"transparencia-internacional","status":"publish","type":"page","link":"https:\/\/ccbka.org.br\/index.php\/transparencia-internacional\/","title":{"rendered":"Transpar\u00eancia Internacional"},"content":{"rendered":"<p>[et_pb_section fb_built=&#8221;1&#8243; fullwidth=&#8221;on&#8221; admin_label=&#8221;Hero Section&#8221; _builder_version=&#8221;3.22&#8243;][et_pb_fullwidth_header title=&#8221;iMPACTO ECON\u00d4MICO&#8221; subhead=&#8221;TRANSPAR\u00eancia internacional&#8221; background_overlay_color=&#8221;rgba(0,0,0,0.8)&#8221; content_max_width=&#8221;550px&#8221; _builder_version=&#8221;3.16&#8243; title_font=&#8221;Poppins|700||on|||||&#8221; title_text_color=&#8221;#edbb5f&#8221; title_font_size=&#8221;14px&#8221; title_letter_spacing=&#8221;2px&#8221; title_line_height=&#8221;1.4em&#8221; content_font=&#8221;Poppins||||||||&#8221; content_font_size=&#8221;16px&#8221; content_letter_spacing=&#8221;1px&#8221; content_line_height=&#8221;2em&#8221; subhead_font=&#8221;Playfair Display|700||on|||||&#8221; subhead_font_size=&#8221;48px&#8221; subhead_letter_spacing=&#8221;3px&#8221; subhead_line_height=&#8221;1.4em&#8221; background_color=&#8221;rgba(255, 255, 255, 0)&#8221; background_image=&#8221;https:\/\/ccbka.org.br\/wp-content\/uploads\/2021\/04\/consultant-06.jpg&#8221; parallax=&#8221;on&#8221; parallax_method=&#8221;on&#8221; custom_button_one=&#8221;on&#8221; button_one_border_width=&#8221;1px&#8221; button_one_border_color=&#8221;rgba(255,255,255,0.3)&#8221; button_one_border_radius=&#8221;0px&#8221; button_one_letter_spacing=&#8221;1px&#8221; button_one_font=&#8221;Saira Extra Condensed|600||on|||||&#8221; button_one_icon=&#8221;%%3%%&#8221; button_one_icon_color=&#8221;#edbb5f&#8221; custom_button_two=&#8221;on&#8221; button_two_border_width=&#8221;1px&#8221; button_two_border_color=&#8221;rgba(255,255,255,0.3)&#8221; button_two_border_radius=&#8221;0px&#8221; button_two_letter_spacing=&#8221;1px&#8221; button_two_font=&#8221;Saira Extra Condensed|600||on|||||&#8221; button_two_icon=&#8221;%%3%%&#8221; button_two_icon_color=&#8221;#edbb5f&#8221; module_alignment=&#8221;right&#8221; custom_margin=&#8221;|||&#8221; custom_padding=&#8221;8%||8%|&#8221; button_one_text_color_hover=&#8221;#edbb5f&#8221; button_two_text_color_hover=&#8221;#edbb5f&#8221; button_one_bg_color_hover=&#8221;rgba(0,0,0,0)&#8221; button_two_bg_color_hover=&#8221;rgba(0,0,0,0)&#8221; button_one_text_size__hover_enabled=&#8221;off&#8221; button_two_text_size__hover_enabled=&#8221;off&#8221; button_one_text_color__hover_enabled=&#8221;on&#8221; button_one_text_color__hover=&#8221;#edbb5f&#8221; button_two_text_color__hover_enabled=&#8221;on&#8221; button_two_text_color__hover=&#8221;#edbb5f&#8221; button_one_border_width__hover_enabled=&#8221;off&#8221; button_two_border_width__hover_enabled=&#8221;off&#8221; button_one_border_color__hover_enabled=&#8221;off&#8221; button_two_border_color__hover_enabled=&#8221;off&#8221; button_one_border_radius__hover_enabled=&#8221;off&#8221; button_two_border_radius__hover_enabled=&#8221;off&#8221; button_one_letter_spacing__hover_enabled=&#8221;off&#8221; button_two_letter_spacing__hover_enabled=&#8221;off&#8221; button_one_bg_color__hover_enabled=&#8221;on&#8221; button_one_bg_color__hover=&#8221;rgba(0,0,0,0)&#8221; button_two_bg_color__hover_enabled=&#8221;on&#8221; button_two_bg_color__hover=&#8221;rgba(0,0,0,0)&#8221;][\/et_pb_fullwidth_header][\/et_pb_section][et_pb_section fb_built=&#8221;1&#8243; admin_label=&#8221;Problem and Solution&#8221; _builder_version=&#8221;4.9.4&#8243; custom_padding=&#8221;42px|0px|100px|0px||&#8221; hover_enabled=&#8221;0&#8243; sticky_enabled=&#8221;0&#8243; background_enable_color=&#8221;off&#8221;][et_pb_row use_custom_gutter=&#8221;on&#8221; gutter_width=&#8221;4&#8243; _builder_version=&#8221;3.25&#8243; animation_style=&#8221;fade&#8221; locked=&#8221;off&#8221;][et_pb_column type=&#8221;4_4&#8243; _builder_version=&#8221;3.25&#8243; custom_padding=&#8221;|||&#8221; custom_padding__hover=&#8221;|||&#8221;][et_pb_text _builder_version=&#8221;4.9.4&#8243; text_font=&#8221;||||||||&#8221; header_font=&#8221;||||||||&#8221; header_2_font=&#8221;Playfair Display|700|||||||&#8221; header_2_font_size=&#8221;38px&#8221; header_2_letter_spacing=&#8221;1px&#8221; header_2_line_height=&#8221;1.4em&#8221; header_3_font=&#8221;Poppins|700||on|||||&#8221; header_3_text_color=&#8221;#edbb5f&#8221; header_3_font_size=&#8221;14px&#8221; header_3_letter_spacing=&#8221;1px&#8221; header_3_line_height=&#8221;2em&#8221; text_orientation=&#8221;center&#8221; background_layout=&#8221;dark&#8221; max_width=&#8221;700px&#8221; module_alignment=&#8221;center&#8221; hover_enabled=&#8221;0&#8243; text_text_color=&#8221;#282828&#8243; sticky_enabled=&#8221;0&#8243; header_text_color=&#8221;#dbdbdb&#8221; header_2_text_color=&#8221;#282828&#8243; custom_padding=&#8221;||8px|||&#8221; custom_margin=&#8221;||31px|||&#8221;]<\/p>\n<h3><\/h3>\n<h2>Transpar\u00eancia Intercional<\/h2>\n<p>[\/et_pb_text][et_pb_divider color=&#8221;#edbb5f&#8221; divider_weight=&#8221;2px&#8221; _builder_version=&#8221;3.2&#8243; max_width=&#8221;60px&#8221; module_alignment=&#8221;center&#8221; height=&#8221;2px&#8221;][\/et_pb_divider][\/et_pb_column][\/et_pb_row][et_pb_row _builder_version=&#8221;4.9.4&#8243; custom_margin=&#8221;1%|auto||auto||&#8221; custom_padding=&#8221;11px|||||&#8221; hover_enabled=&#8221;0&#8243; sticky_enabled=&#8221;0&#8243;][et_pb_column type=&#8221;4_4&#8243; _builder_version=&#8221;3.25&#8243; custom_padding=&#8221;|||&#8221; custom_padding__hover=&#8221;|||&#8221;][et_pb_text _builder_version=&#8221;4.9.4&#8243; header_font=&#8221;||||||||&#8221; header_2_font=&#8221;||||||||&#8221; header_3_font=&#8221;|700||on|||||&#8221; header_3_text_color=&#8221;#edbb5f&#8221; header_3_font_size=&#8221;28px&#8221; header_3_letter_spacing=&#8221;1px&#8221; header_3_line_height=&#8221;1.4em&#8221; hover_enabled=&#8221;0&#8243; max_width=&#8221;1050px&#8221; text_orientation=&#8221;justified&#8221; sticky_enabled=&#8221;0&#8243;]<\/p>\n<p style=\"text-align: justify;\">O <strong>\u00cdndice de Percep\u00e7\u00e3o da Corrup\u00e7\u00e3o<\/strong> (IPC) de 2020 tra\u00e7a um quadro sombrio no que toca ao estado da corrup\u00e7\u00e3o mundial. A maioria dos pa\u00edses progrediu pouco ou nada em quase uma d\u00e9cada, e mais de dois ter\u00e7os dos pa\u00edses obtiveram uma pontua\u00e7\u00e3o abaixo de 50. Nossa an\u00e1lise demonstra que, al\u00e9m de prejudicar a resposta mundial contra a COVID-19, a corrup\u00e7\u00e3o contribui para uma crise cont\u00ednua da democracia.<\/p>\n<p>A composi\u00e7\u00e3o do\u00a0<strong>\u00cdndice de Percep\u00e7\u00e3o da Corrup\u00e7\u00e3o<\/strong>\u00a0\u00e9 feita atrav\u00e9s de 13 fontes distintas, produzidas por institui\u00e7\u00f5es reconhecidas internacionalmente, como o Banco Mundial e o F\u00f3rum Econ\u00f4mico Mundial. O IPC avalia <strong>180 pa\u00edses e territ\u00f3rios <\/strong>com base nos n\u00edveis <strong>percebidos <\/strong>de corrup\u00e7\u00e3o no setor p\u00fablico por especialistas e empres\u00e1rios enquanto que <strong><u>100 <\/u><\/strong>significa <strong>muito \u00edntegro <\/strong>e <strong><u>0<\/u><\/strong> significa <strong>altamente corrupto.<\/strong><\/p>\n<p style=\"text-align: justify;\">O ano de 2020 se mostrou ser um dos piores anos da hist\u00f3ria recente, com o surgimento da pandemia global de COVID-19 e seus efeitos devastadores.<\/p>\n<p style=\"text-align: justify;\">Os impactos econ\u00f4micos e de sa\u00fade sobre indiv\u00edduos e comunidades no mundo todo t\u00eam sido catastr\u00f3ficos. Mais de 90 milh\u00f5es de pessoas foram infectadas, e quase 2 milh\u00f5es de pessoas perderam a vida no mundo todo.<\/p>\n<p style=\"text-align: justify;\">Como foi demonstrado nesse tumultuado ano que se foi, a COVID-19 n\u00e3o constitui apenas uma crise econ\u00f4mica e de sa\u00fade, mas tamb\u00e9m uma crise de corrup\u00e7\u00e3o, na qual in\u00fameras vidas foram perdidas gra\u00e7as aos efeitos insidiosos da corrup\u00e7\u00e3o prejudicando os esfor\u00e7os que visavam dar uma resposta global justa e igualit\u00e1ria.<\/p>\n<p>[\/et_pb_text][et_pb_text _builder_version=&#8221;4.9.4&#8243; text_font=&#8221;||||||||&#8221; header_font=&#8221;||||||||&#8221; header_2_font=&#8221;Playfair Display|700|||||||&#8221; header_2_font_size=&#8221;38px&#8221; header_2_letter_spacing=&#8221;1px&#8221; header_2_line_height=&#8221;1.4em&#8221; header_3_font=&#8221;Poppins|700||on|||||&#8221; header_3_text_color=&#8221;#edbb5f&#8221; header_3_font_size=&#8221;14px&#8221; header_3_letter_spacing=&#8221;1px&#8221; header_3_line_height=&#8221;2em&#8221; text_orientation=&#8221;center&#8221; background_layout=&#8221;dark&#8221; max_width=&#8221;700px&#8221; module_alignment=&#8221;center&#8221; hover_enabled=&#8221;0&#8243; text_text_color=&#8221;#282828&#8243; sticky_enabled=&#8221;0&#8243; header_text_color=&#8221;#dbdbdb&#8221; header_2_text_color=&#8221;#282828&#8243; custom_padding=&#8221;||8px|||&#8221; custom_margin=&#8221;||31px|||&#8221; link_option_url=&#8221;https:\/\/comunidade.transparenciainternacional.org.br\/ipc-indice-de-percepcao-da-corrupcao-2020&#8243;]<\/p>\n<h3><\/h3>\n<h2><span style=\"text-decoration: underline;\">Clique aqui para acessar o relat\u00f3rio mundial completo<\/span><\/h2>\n<p>[\/et_pb_text][\/et_pb_column][\/et_pb_row][\/et_pb_section]<\/p>\n","protected":false},"excerpt":{"rendered":"<p>[et_pb_section fb_built=&#8221;1&#8243; fullwidth=&#8221;on&#8221; admin_label=&#8221;Hero Section&#8221; _builder_version=&#8221;3.22&#8243;][et_pb_fullwidth_header title=&#8221;iMPACTO ECON\u00d4MICO&#8221; subhead=&#8221;TRANSPAR\u00eancia internacional&#8221; background_overlay_color=&#8221;rgba(0,0,0,0.8)&#8221; content_max_width=&#8221;550px&#8221; _builder_version=&#8221;3.16&#8243; title_font=&#8221;Poppins|700||on|||||&#8221; title_text_color=&#8221;#edbb5f&#8221; title_font_size=&#8221;14px&#8221; title_letter_spacing=&#8221;2px&#8221; title_line_height=&#8221;1.4em&#8221; content_font=&#8221;Poppins||||||||&#8221; content_font_size=&#8221;16px&#8221; content_letter_spacing=&#8221;1px&#8221; content_line_height=&#8221;2em&#8221; subhead_font=&#8221;Playfair Display|700||on|||||&#8221; subhead_font_size=&#8221;48px&#8221; subhead_letter_spacing=&#8221;3px&#8221; subhead_line_height=&#8221;1.4em&#8221; background_color=&#8221;rgba(255, 255, 255, 0)&#8221; background_image=&#8221;https:\/\/ccbka.org.br\/wp-content\/uploads\/2021\/04\/consultant-06.jpg&#8221; parallax=&#8221;on&#8221; parallax_method=&#8221;on&#8221; custom_button_one=&#8221;on&#8221; button_one_border_width=&#8221;1px&#8221; button_one_border_color=&#8221;rgba(255,255,255,0.3)&#8221; button_one_border_radius=&#8221;0px&#8221; button_one_letter_spacing=&#8221;1px&#8221; button_one_font=&#8221;Saira Extra Condensed|600||on|||||&#8221; button_one_icon=&#8221;%%3%%&#8221; button_one_icon_color=&#8221;#edbb5f&#8221; custom_button_two=&#8221;on&#8221; button_two_border_width=&#8221;1px&#8221; button_two_border_color=&#8221;rgba(255,255,255,0.3)&#8221; button_two_border_radius=&#8221;0px&#8221; button_two_letter_spacing=&#8221;1px&#8221; button_two_font=&#8221;Saira Extra Condensed|600||on|||||&#8221; button_two_icon=&#8221;%%3%%&#8221; button_two_icon_color=&#8221;#edbb5f&#8221; module_alignment=&#8221;right&#8221; [&hellip;]<\/p>\n","protected":false},"author":1,"featured_media":0,"parent":0,"menu_order":0,"comment_status":"closed","ping_status":"closed","template":"","meta":{"_et_pb_use_builder":"on","_et_pb_old_content":"<!-- wp:divi\/placeholder \/-->","_et_gb_content_width":""},"_links":{"self":[{"href":"https:\/\/ccbka.org.br\/index.php\/wp-json\/wp\/v2\/pages\/242"}],"collection":[{"href":"https:\/\/ccbka.org.br\/index.php\/wp-json\/wp\/v2\/pages"}],"about":[{"href":"https:\/\/ccbka.org.br\/index.php\/wp-json\/wp\/v2\/types\/page"}],"author":[{"embeddable":true,"href":"https:\/\/ccbka.org.br\/index.php\/wp-json\/wp\/v2\/users\/1"}],"replies":[{"embeddable":true,"href":"https:\/\/ccbka.org.br\/index.php\/wp-json\/wp\/v2\/comments?post=242"}],"version-history":[{"count":3,"href":"https:\/\/ccbka.org.br\/index.php\/wp-json\/wp\/v2\/pages\/242\/revisions"}],"predecessor-version":[{"id":247,"href":"https:\/\/ccbka.org.br\/index.php\/wp-json\/wp\/v2\/pages\/242\/revisions\/247"}],"wp:attachment":[{"href":"https:\/\/ccbka.org.br\/index.php\/wp-json\/wp\/v2\/media?parent=242"}],"curies":[{"name":"wp","href":"https:\/\/api.w.org\/{rel}","templated":true}]}}