{"id":21,"date":"2021-04-21T18:54:08","date_gmt":"2021-04-21T18:54:08","guid":{"rendered":"http:\/\/ccbka.org.br\/?page_id=21"},"modified":"2021-06-10T21:54:32","modified_gmt":"2021-06-10T21:54:32","slug":"programa-de-integridade","status":"publish","type":"page","link":"https:\/\/ccbka.org.br\/index.php\/programa-de-integridade\/","title":{"rendered":"Programa de Integridade"},"content":{"rendered":"<p>[et_pb_section fb_built=&#8221;1&#8243; fullwidth=&#8221;on&#8221; admin_label=&#8221;Hero Section&#8221; _builder_version=&#8221;3.22&#8243;][et_pb_fullwidth_header title=&#8221;PROGRAMA DE &#8221; subhead=&#8221;integridade&#8221; background_overlay_color=&#8221;rgba(0,0,0,0.8)&#8221; content_max_width=&#8221;550px&#8221; _builder_version=&#8221;4.9.4&#8243; title_font=&#8221;Poppins|700||on|||||&#8221; title_text_color=&#8221;#edbb5f&#8221; title_font_size=&#8221;22px&#8221; title_letter_spacing=&#8221;2px&#8221; title_line_height=&#8221;1.4em&#8221; content_font=&#8221;Poppins||||||||&#8221; content_font_size=&#8221;16px&#8221; content_letter_spacing=&#8221;1px&#8221; content_line_height=&#8221;2em&#8221; subhead_font=&#8221;Playfair Display|700||on|||||&#8221; subhead_font_size=&#8221;48px&#8221; subhead_letter_spacing=&#8221;3px&#8221; subhead_line_height=&#8221;1.4em&#8221; background_color=&#8221;rgba(255, 255, 255, 0)&#8221; background_image=&#8221;http:\/\/ccbka.org.br\/wp-content\/uploads\/2021\/04\/consultant-04.jpg&#8221; parallax=&#8221;on&#8221; parallax_method=&#8221;on&#8221; custom_button_one=&#8221;on&#8221; button_one_border_width=&#8221;1px&#8221; button_one_border_color=&#8221;rgba(255,255,255,0.3)&#8221; button_one_border_radius=&#8221;0px&#8221; button_one_letter_spacing=&#8221;1px&#8221; button_one_font=&#8221;Saira Extra Condensed|600||on|||||&#8221; button_one_icon=&#8221;%%3%%&#8221; button_one_icon_color=&#8221;#edbb5f&#8221; custom_button_two=&#8221;on&#8221; button_two_border_width=&#8221;1px&#8221; button_two_border_color=&#8221;rgba(255,255,255,0.3)&#8221; button_two_border_radius=&#8221;0px&#8221; button_two_letter_spacing=&#8221;1px&#8221; button_two_font=&#8221;Saira Extra Condensed|600||on|||||&#8221; button_two_icon=&#8221;%%3%%&#8221; button_two_icon_color=&#8221;#edbb5f&#8221; module_alignment=&#8221;right&#8221; custom_margin=&#8221;|||&#8221; custom_padding=&#8221;8%||4.2%|||&#8221; button_one_text_color_hover=&#8221;#edbb5f&#8221; button_two_text_color_hover=&#8221;#edbb5f&#8221; button_one_bg_color_hover=&#8221;rgba(0,0,0,0)&#8221; button_two_bg_color_hover=&#8221;rgba(0,0,0,0)&#8221; button_one_text_size__hover_enabled=&#8221;off&#8221; button_two_text_size__hover_enabled=&#8221;off&#8221; button_one_text_color__hover_enabled=&#8221;on&#8221; button_one_text_color__hover=&#8221;#edbb5f&#8221; button_two_text_color__hover_enabled=&#8221;on&#8221; button_two_text_color__hover=&#8221;#edbb5f&#8221; button_one_border_width__hover_enabled=&#8221;off&#8221; button_two_border_width__hover_enabled=&#8221;off&#8221; button_one_border_color__hover_enabled=&#8221;off&#8221; button_two_border_color__hover_enabled=&#8221;off&#8221; button_one_border_radius__hover_enabled=&#8221;off&#8221; button_two_border_radius__hover_enabled=&#8221;off&#8221; button_one_letter_spacing__hover_enabled=&#8221;off&#8221; button_two_letter_spacing__hover_enabled=&#8221;off&#8221; button_one_bg_color__hover_enabled=&#8221;on&#8221; button_one_bg_color__hover=&#8221;rgba(0,0,0,0)&#8221; button_two_bg_color__hover_enabled=&#8221;on&#8221; button_two_bg_color__hover=&#8221;rgba(0,0,0,0)&#8221;][\/et_pb_fullwidth_header][\/et_pb_section][et_pb_section fb_built=&#8221;1&#8243; admin_label=&#8221;Services&#8221; _builder_version=&#8221;3.22&#8243; custom_margin=&#8221;|||&#8221; custom_padding=&#8221;100px|0px|100px|0px&#8221;][et_pb_row _builder_version=&#8221;4.9.4&#8243; custom_padding=&#8221;|||&#8221; animation_style=&#8221;fade&#8221;][et_pb_column type=&#8221;4_4&#8243; _builder_version=&#8221;3.25&#8243; custom_padding=&#8221;1px|||&#8221; custom_padding__hover=&#8221;|||&#8221;][et_pb_text _builder_version=&#8221;4.9.4&#8243; text_font=&#8221;||||||||&#8221; header_font=&#8221;||||||||&#8221; header_2_font=&#8221;Playfair Display|700|||||||&#8221; header_2_font_size=&#8221;38px&#8221; header_2_letter_spacing=&#8221;1px&#8221; header_2_line_height=&#8221;1.4em&#8221; header_3_font=&#8221;Poppins|700||on|||||&#8221; header_3_text_color=&#8221;#edbb5f&#8221; header_3_font_size=&#8221;14px&#8221; header_3_letter_spacing=&#8221;1px&#8221; header_3_line_height=&#8221;2em&#8221; module_alignment=&#8221;center&#8221; locked=&#8221;off&#8221;]<\/p>\n<h2 style=\"text-align: center;\"><strong>CONCEITO DO PROGRAMA DE INTEGRIDADE <\/strong><\/h2>\n<p>[\/et_pb_text][et_pb_divider color=&#8221;#edbb5f&#8221; divider_weight=&#8221;2px&#8221; _builder_version=&#8221;4.9.4&#8243; max_width=&#8221;60px&#8221; module_alignment=&#8221;center&#8221; height=&#8221;2px&#8221; locked=&#8221;off&#8221;][\/et_pb_divider][\/et_pb_column][\/et_pb_row][et_pb_row column_structure=&#8221;1_2,1_2&#8243; _builder_version=&#8221;4.9.4&#8243; _module_preset=&#8221;default&#8221;][et_pb_column type=&#8221;1_2&#8243; _builder_version=&#8221;4.9.4&#8243; _module_preset=&#8221;default&#8221;][et_pb_text _builder_version=&#8221;4.9.4&#8243; _module_preset=&#8221;default&#8221; text_font_size=&#8221;15px&#8221; text_line_height=&#8221;1.8em&#8221;]<\/p>\n<p style=\"text-align: justify;\">De acordo com o art. 41 do Decreto n\u00ba 8.420, de 18.03.2015:<\/p>\n<p style=\"text-align: justify;\">Programa de integridade consiste, no \u00e2mbito de uma pessoa jur\u00eddica, no conjunto de mecanismos e procedimentos internos de integridade, auditoria e incentivo \u00e0 den\u00fancia de irregularidades e na aplica\u00e7\u00e3o efetiva de c\u00f3digos de \u00e9tica e de conduta, pol\u00edticas e diretrizes com objetivo de detectar e sanar desvios, fraudes, irregularidades e atos il\u00edcitos praticados contra a administra\u00e7\u00e3o p\u00fablica, nacional ou estrangeira.<\/p>\n<p style=\"text-align: justify;\">O programa de integridade deve ser estruturado, aplicado e atualizado de acordo com as caracter\u00edsticas e riscos atuais das atividades de cada pessoa jur\u00eddica, a qual, por sua vez, deve garantir o constante aprimoramento e adapta\u00e7\u00e3o do referido programa, visando garantir sua efetividade<\/p>\n<p>[\/et_pb_text][\/et_pb_column][et_pb_column type=&#8221;1_2&#8243; _builder_version=&#8221;4.9.4&#8243; _module_preset=&#8221;default&#8221;][et_pb_text _builder_version=&#8221;4.9.4&#8243; _module_preset=&#8221;default&#8221; text_font_size=&#8221;15px&#8221; text_line_height=&#8221;1.8em&#8221;]<\/p>\n<p style=\"text-align: justify;\">De acordo com o \u2018Manual para Implementa\u00e7\u00e3o de Programas de Integridade &#8211; orienta\u00e7\u00f5es para o setor p\u00fablico\u2019, publicado pelo Minist\u00e9rio da Transpar\u00eancia e Controladoria-Geral da Uni\u00e3o \u2013 CGU (Dispon\u00edvel em: http:\/\/www.cgu.gov.br\/Publicacoes\/etica-e-integridade\/arquivos\/manual_profip.pdf):<\/p>\n<p style=\"text-align: justify;\">Um programa de integridade \u00e9 o conjunto de medidas e a\u00e7\u00f5es institucionais voltadas para a preven\u00e7\u00e3o, detec\u00e7\u00e3o, puni\u00e7\u00e3o e remedia\u00e7\u00e3o de fraudes e de corrup\u00e7\u00e3o.<\/p>\n<p style=\"text-align: justify;\">O Programa de Integridade da CCBKA tem como foco espec\u00edfico medidas anticorrup\u00e7\u00e3o adotadas para preven\u00e7\u00e3o, detec\u00e7\u00e3o e remedia\u00e7\u00e3o de atos lesivos \u00e0 CCBKA, que envolvam, por exemplo, a ocorr\u00eancia de suborno, propina, conflito de interesses, fraudes em processos de licita\u00e7\u00e3o, e pagamentos, entre outros.<\/p>\n<p>[\/et_pb_text][\/et_pb_column][\/et_pb_row][\/et_pb_section][et_pb_section fb_built=&#8221;1&#8243; admin_label=&#8221;Quote&#8221; _builder_version=&#8221;4.9.4&#8243; background_image=&#8221;http:\/\/ccbka.org.br\/wp-content\/uploads\/2021\/04\/Depositphotos_437826048_xl-2015-scaled.jpg&#8221; parallax=&#8221;on&#8221; custom_margin=&#8221;|||&#8221; custom_padding=&#8221;0px|0px|116px|0px||&#8221; box_shadow_style=&#8221;preset7&#8243; box_shadow_horizontal=&#8221;0px&#8221; box_shadow_vertical=&#8221;100px&#8221; box_shadow_color=&#8221;#ffffff&#8221;][et_pb_row _builder_version=&#8221;4.9.4&#8243; custom_padding=&#8221;0px|0px|27px|0px&#8221; animation_style=&#8221;slide&#8221; animation_direction=&#8221;bottom&#8221; animation_intensity_slide=&#8221;10%&#8221; animation_starting_opacity=&#8221;100%&#8221;][et_pb_column type=&#8221;4_4&#8243; _builder_version=&#8221;3.25&#8243; background_color=&#8221;#2f2f2f&#8221; custom_padding=&#8221;4%|5%|3%|5%&#8221; custom_padding__hover=&#8221;|||&#8221;][et_pb_text _builder_version=&#8221;4.9.4&#8243; _module_preset=&#8221;default&#8221; text_font=&#8221;Playfair Display||||||||&#8221; text_text_color=&#8221;#FFFFFF&#8221; text_font_size=&#8221;37px&#8221;]<\/p>\n<p style=\"text-align: center;\"><strong>Finalidade do Programa de Integridade<\/strong><\/p>\n<p>[\/et_pb_text][et_pb_divider color=&#8221;#edbb5f&#8221; divider_weight=&#8221;2px&#8221; _builder_version=&#8221;4.9.4&#8243; max_width=&#8221;60px&#8221; module_alignment=&#8221;center&#8221; height=&#8221;2px&#8221; locked=&#8221;off&#8221;][\/et_pb_divider][et_pb_text _builder_version=&#8221;4.9.4&#8243; _module_preset=&#8221;default&#8221; text_text_color=&#8221;#FFFFFF&#8221; text_font_size=&#8221;15px&#8221; text_line_height=&#8221;1.8em&#8221; hover_enabled=&#8221;0&#8243; sticky_enabled=&#8221;0&#8243;]<\/p>\n<p style=\"text-align: justify;\">A gest\u00e3o da integridade \u00e9 componente fundamental da boa governan\u00e7a corporativa, atribuindo confiabilidade e conformidade \u00e0s atividades desenvolvidas na CCBKA, com a finalidade de dar visibilidade ao tema e \u00e0s medidas propostas para promov\u00ea-lo.<\/p>\n<p style=\"text-align: justify;\">O Programa permite a utiliza\u00e7\u00e3o de v\u00e1rios instrumentos de gest\u00e3o e controle, que passam a ser vistos em conjunto, possibilitando abordagem e utiliza\u00e7\u00e3o sist\u00eamica interdependente (Baseado no documento dispon\u00edvel em: http:\/\/www.cgu.gov.br\/Publicacoes\/etica-e-integridade\/arquivos\/manual_profip.pdf), com o objetivo de refor\u00e7ar a preven\u00e7\u00e3o, detec\u00e7\u00e3o e corre\u00e7\u00e3o de atos de fraude e de corrup\u00e7\u00e3o, por meio da gest\u00e3o integrada e do aperfei\u00e7oamento de a\u00e7\u00f5es e controles da nossa estrutura de governan\u00e7a.<\/p>\n<p style=\"text-align: justify;\">Al\u00e9m disso, \u00e9 instrumento de apoio ao gestor, auxiliando na tomada de decis\u00f5es com maior seguran\u00e7a, visando afastar conflitos de interesses e amea\u00e7as \u00e0 integridade da empresa, melhorando a conformidade das delibera\u00e7\u00f5es.<\/p>\n<p style=\"text-align: justify;\">Com enfoque preventivo e detectivo, visa \u00e0 diminui\u00e7\u00e3o dos riscos de corrup\u00e7\u00e3o na associa\u00e7\u00e3o e, em caso de eventual desvio ou quebra de integridade, o Programa atua de maneira a identificar, responsabilizar e corrigir tal falha de maneira c\u00e9lere e eficaz.<\/p>\n<p style=\"text-align: justify;\">A exist\u00eancia e efetividade do Programa de Integridade tamb\u00e9m podem ser reconhecidas como fatores atenuantes de severas san\u00e7\u00f5es com as quais a Companhia teria que arcar, na hip\u00f3tese de responsabiliza\u00e7\u00e3o pela pr\u00e1tica de atos lesivos, conforme prev\u00ea o art. 7\u00ba, VIII, da Lei n\u00ba 12.846\/2013, conhecida como Lei Anticorrup\u00e7\u00e3o.<\/p>\n<p>[\/et_pb_text][\/et_pb_column][\/et_pb_row][\/et_pb_section]<\/p>\n","protected":false},"excerpt":{"rendered":"<p>[et_pb_section fb_built=&#8221;1&#8243; fullwidth=&#8221;on&#8221; admin_label=&#8221;Hero Section&#8221; _builder_version=&#8221;3.22&#8243;][et_pb_fullwidth_header title=&#8221;PROGRAMA DE &#8221; subhead=&#8221;integridade&#8221; background_overlay_color=&#8221;rgba(0,0,0,0.8)&#8221; content_max_width=&#8221;550px&#8221; _builder_version=&#8221;4.9.4&#8243; title_font=&#8221;Poppins|700||on|||||&#8221; title_text_color=&#8221;#edbb5f&#8221; title_font_size=&#8221;22px&#8221; title_letter_spacing=&#8221;2px&#8221; title_line_height=&#8221;1.4em&#8221; content_font=&#8221;Poppins||||||||&#8221; content_font_size=&#8221;16px&#8221; content_letter_spacing=&#8221;1px&#8221; content_line_height=&#8221;2em&#8221; subhead_font=&#8221;Playfair Display|700||on|||||&#8221; subhead_font_size=&#8221;48px&#8221; subhead_letter_spacing=&#8221;3px&#8221; subhead_line_height=&#8221;1.4em&#8221; background_color=&#8221;rgba(255, 255, 255, 0)&#8221; background_image=&#8221;http:\/\/ccbka.org.br\/wp-content\/uploads\/2021\/04\/consultant-04.jpg&#8221; parallax=&#8221;on&#8221; parallax_method=&#8221;on&#8221; custom_button_one=&#8221;on&#8221; button_one_border_width=&#8221;1px&#8221; button_one_border_color=&#8221;rgba(255,255,255,0.3)&#8221; button_one_border_radius=&#8221;0px&#8221; button_one_letter_spacing=&#8221;1px&#8221; button_one_font=&#8221;Saira Extra Condensed|600||on|||||&#8221; button_one_icon=&#8221;%%3%%&#8221; button_one_icon_color=&#8221;#edbb5f&#8221; custom_button_two=&#8221;on&#8221; button_two_border_width=&#8221;1px&#8221; button_two_border_color=&#8221;rgba(255,255,255,0.3)&#8221; button_two_border_radius=&#8221;0px&#8221; button_two_letter_spacing=&#8221;1px&#8221; button_two_font=&#8221;Saira Extra Condensed|600||on|||||&#8221; button_two_icon=&#8221;%%3%%&#8221; button_two_icon_color=&#8221;#edbb5f&#8221; module_alignment=&#8221;right&#8221; [&hellip;]<\/p>\n","protected":false},"author":1,"featured_media":0,"parent":0,"menu_order":0,"comment_status":"closed","ping_status":"closed","template":"","meta":{"_et_pb_use_builder":"on","_et_pb_old_content":"","_et_gb_content_width":""},"_links":{"self":[{"href":"https:\/\/ccbka.org.br\/index.php\/wp-json\/wp\/v2\/pages\/21"}],"collection":[{"href":"https:\/\/ccbka.org.br\/index.php\/wp-json\/wp\/v2\/pages"}],"about":[{"href":"https:\/\/ccbka.org.br\/index.php\/wp-json\/wp\/v2\/types\/page"}],"author":[{"embeddable":true,"href":"https:\/\/ccbka.org.br\/index.php\/wp-json\/wp\/v2\/users\/1"}],"replies":[{"embeddable":true,"href":"https:\/\/ccbka.org.br\/index.php\/wp-json\/wp\/v2\/comments?post=21"}],"version-history":[{"count":10,"href":"https:\/\/ccbka.org.br\/index.php\/wp-json\/wp\/v2\/pages\/21\/revisions"}],"predecessor-version":[{"id":250,"href":"https:\/\/ccbka.org.br\/index.php\/wp-json\/wp\/v2\/pages\/21\/revisions\/250"}],"wp:attachment":[{"href":"https:\/\/ccbka.org.br\/index.php\/wp-json\/wp\/v2\/media?parent=21"}],"curies":[{"name":"wp","href":"https:\/\/api.w.org\/{rel}","templated":true}]}}