{"id":17,"date":"2021-04-21T18:52:52","date_gmt":"2021-04-21T18:52:52","guid":{"rendered":"http:\/\/ccbka.org.br\/?page_id=17"},"modified":"2021-07-14T17:02:28","modified_gmt":"2021-07-14T17:02:28","slug":"contato","status":"publish","type":"page","link":"https:\/\/ccbka.org.br\/index.php\/contato\/","title":{"rendered":"Contato"},"content":{"rendered":"<p>[et_pb_section fb_built=&#8221;1&#8243; fullwidth=&#8221;on&#8221; admin_label=&#8221;Map Header&#8221; _builder_version=&#8221;4.9.4&#8243; background_position=&#8221;top_left&#8221; background_blend=&#8221;multiply&#8221; custom_padding=&#8221;||119px|||&#8221; hover_enabled=&#8221;0&#8243; sticky_enabled=&#8221;0&#8243; background_enable_image=&#8221;off&#8221; background_enable_color=&#8221;off&#8221;][et_pb_fullwidth_map _builder_version=&#8221;4.9.4&#8243; _module_preset=&#8221;default&#8221; hover_enabled=&#8221;0&#8243; sticky_enabled=&#8221;0&#8243;][\/et_pb_fullwidth_map][\/et_pb_section][et_pb_section fb_built=&#8221;1&#8243; specialty=&#8221;on&#8221; admin_label=&#8221;Contact&#8221; _builder_version=&#8221;3.22&#8243; background_color=&#8221;rgba(0,0,0,0)&#8221; custom_margin=&#8221;|||&#8221; custom_padding=&#8221;0px|0px|0px|0px||&#8221;][et_pb_column type=&#8221;1_2&#8243; specialty_columns=&#8221;2&#8243; _builder_version=&#8221;3.25&#8243; custom_padding=&#8221;|||&#8221; custom_padding__hover=&#8221;|||&#8221;][et_pb_row_inner custom_padding_last_edited=&#8221;on|desktop&#8221; _builder_version=&#8221;4.9.4&#8243; background_color=&#8221;#ffffff&#8221; custom_margin=&#8221;-200px||80px|&#8221; custom_padding=&#8221;60px|60px|60px|60px&#8221; custom_padding_tablet=&#8221;&#8221; custom_padding_phone=&#8221;|40px||40px&#8221; box_shadow_style=&#8221;preset3&#8243; box_shadow_vertical=&#8221;15px&#8221; box_shadow_blur=&#8221;80px&#8221;][et_pb_column_inner saved_specialty_column_type=&#8221;1_2&#8243; _builder_version=&#8221;3.25&#8243; custom_padding=&#8221;|||&#8221; custom_padding__hover=&#8221;|||&#8221;][et_pb_text _builder_version=&#8221;4.9.4&#8243; text_font=&#8221;||||||||&#8221; text_font_size=&#8221;4px&#8221; header_font=&#8221;Playfair Display|700||on|||||&#8221; header_font_size=&#8221;35px&#8221; header_letter_spacing=&#8221;1px&#8221; header_line_height=&#8221;1.4em&#8221; header_2_font=&#8221;||||||||&#8221; header_3_font=&#8221;||||||||&#8221; text_orientation=&#8221;center&#8221; max_width=&#8221;550px&#8221; module_alignment=&#8221;center&#8221; custom_margin=&#8221;|||&#8221; locked=&#8221;off&#8221;]<\/p>\n<h1>Entre em Contato<\/h1>\n<p>[\/et_pb_text][et_pb_contact_form captcha=&#8221;off&#8221; email=&#8221;contato@ccbka.org.br&#8221; custom_message=&#8221;O nome deste contato \u00e9: %%nome%%||et_pb_line_break_holder||||et_pb_line_break_holder||O email deste contato \u00e9: %%email%%||et_pb_line_break_holder||||et_pb_line_break_holder||A mensagem \u00e9: %%mensagem%%&#8221; submit_button_text=&#8221;Enviar&#8221; module_id=&#8221;et_pb_contact_form_0&#8243; _builder_version=&#8221;4.9.4&#8243; form_field_background_color=&#8221;#ffffff&#8221; form_field_text_color=&#8221;rgba(0,0,0,0.7)&#8221; title_level=&#8221;h2&#8243; title_font=&#8221;Playfair Display|700||on|||||&#8221; title_text_align=&#8221;center&#8221; title_font_size=&#8221;38px&#8221; title_line_height=&#8221;1.4em&#8221; form_field_font=&#8221;Poppins|600||on|||||&#8221; form_field_font_size=&#8221;12px&#8221; form_field_letter_spacing=&#8221;2px&#8221; custom_button=&#8221;on&#8221; button_text_color=&#8221;#ffffff&#8221; button_bg_color=&#8221;#edbb5f&#8221; button_border_width=&#8221;0px&#8221; button_border_radius=&#8221;0px&#8221; button_letter_spacing=&#8221;1px&#8221; button_font=&#8221;Saira Extra Condensed|600||on|||||&#8221; button_icon=&#8221;%%3%%&#8221; custom_margin=&#8221;|||&#8221; custom_padding=&#8221;|||&#8221; border_color_all=&#8221;#dfdfe3&#8243; border_width_bottom=&#8221;1px&#8221; form_background_color=&#8221;#ffffff&#8221; locked=&#8221;off&#8221; button_letter_spacing_hover=&#8221;1px&#8221;][et_pb_contact_field field_id=&#8221;Nome&#8221; field_title=&#8221;Nome&#8221; fullwidth_field=&#8221;on&#8221; _builder_version=&#8221;4.9.4&#8243; form_field_font=&#8221;||||||||&#8221; custom_margin=&#8221;||20px|&#8221; custom_padding=&#8221;|||&#8221; button_text_size__hover_enabled=&#8221;off&#8221; button_one_text_size__hover_enabled=&#8221;off&#8221; button_two_text_size__hover_enabled=&#8221;off&#8221; button_text_color__hover_enabled=&#8221;off&#8221; button_one_text_color__hover_enabled=&#8221;off&#8221; button_two_text_color__hover_enabled=&#8221;off&#8221; button_border_width__hover_enabled=&#8221;off&#8221; button_one_border_width__hover_enabled=&#8221;off&#8221; button_two_border_width__hover_enabled=&#8221;off&#8221; button_border_color__hover_enabled=&#8221;off&#8221; button_one_border_color__hover_enabled=&#8221;off&#8221; button_two_border_color__hover_enabled=&#8221;off&#8221; button_border_radius__hover_enabled=&#8221;off&#8221; button_one_border_radius__hover_enabled=&#8221;off&#8221; button_two_border_radius__hover_enabled=&#8221;off&#8221; button_letter_spacing__hover_enabled=&#8221;off&#8221; button_one_letter_spacing__hover_enabled=&#8221;off&#8221; button_two_letter_spacing__hover_enabled=&#8221;off&#8221; button_bg_color__hover_enabled=&#8221;off&#8221; button_one_bg_color__hover_enabled=&#8221;off&#8221; button_two_bg_color__hover_enabled=&#8221;off&#8221;][\/et_pb_contact_field][et_pb_contact_field field_id=&#8221;Email&#8221; field_title=&#8221;Email&#8221; fullwidth_field=&#8221;on&#8221; _builder_version=&#8221;4.9.4&#8243; form_field_font=&#8221;||||||||&#8221; custom_margin=&#8221;||20px|&#8221; button_text_size__hover_enabled=&#8221;off&#8221; button_one_text_size__hover_enabled=&#8221;off&#8221; button_two_text_size__hover_enabled=&#8221;off&#8221; button_text_color__hover_enabled=&#8221;off&#8221; button_one_text_color__hover_enabled=&#8221;off&#8221; button_two_text_color__hover_enabled=&#8221;off&#8221; button_border_width__hover_enabled=&#8221;off&#8221; button_one_border_width__hover_enabled=&#8221;off&#8221; button_two_border_width__hover_enabled=&#8221;off&#8221; button_border_color__hover_enabled=&#8221;off&#8221; button_one_border_color__hover_enabled=&#8221;off&#8221; button_two_border_color__hover_enabled=&#8221;off&#8221; button_border_radius__hover_enabled=&#8221;off&#8221; button_one_border_radius__hover_enabled=&#8221;off&#8221; button_two_border_radius__hover_enabled=&#8221;off&#8221; button_letter_spacing__hover_enabled=&#8221;off&#8221; button_one_letter_spacing__hover_enabled=&#8221;off&#8221; button_two_letter_spacing__hover_enabled=&#8221;off&#8221; button_bg_color__hover_enabled=&#8221;off&#8221; button_one_bg_color__hover_enabled=&#8221;off&#8221; button_two_bg_color__hover_enabled=&#8221;off&#8221;][\/et_pb_contact_field][et_pb_contact_field field_id=&#8221;Telefone&#8221; field_title=&#8221;Telefone&#8221; required_mark=&#8221;off&#8221; fullwidth_field=&#8221;on&#8221; _builder_version=&#8221;4.9.4&#8243; form_field_font=&#8221;||||||||&#8221; custom_margin=&#8221;||20px|&#8221; button_text_size__hover_enabled=&#8221;off&#8221; button_one_text_size__hover_enabled=&#8221;off&#8221; button_two_text_size__hover_enabled=&#8221;off&#8221; button_text_color__hover_enabled=&#8221;off&#8221; button_one_text_color__hover_enabled=&#8221;off&#8221; button_two_text_color__hover_enabled=&#8221;off&#8221; button_border_width__hover_enabled=&#8221;off&#8221; button_one_border_width__hover_enabled=&#8221;off&#8221; button_two_border_width__hover_enabled=&#8221;off&#8221; button_border_color__hover_enabled=&#8221;off&#8221; button_one_border_color__hover_enabled=&#8221;off&#8221; button_two_border_color__hover_enabled=&#8221;off&#8221; button_border_radius__hover_enabled=&#8221;off&#8221; button_one_border_radius__hover_enabled=&#8221;off&#8221; button_two_border_radius__hover_enabled=&#8221;off&#8221; button_letter_spacing__hover_enabled=&#8221;off&#8221; button_one_letter_spacing__hover_enabled=&#8221;off&#8221; button_two_letter_spacing__hover_enabled=&#8221;off&#8221; button_bg_color__hover_enabled=&#8221;off&#8221; button_one_bg_color__hover_enabled=&#8221;off&#8221; button_two_bg_color__hover_enabled=&#8221;off&#8221;][\/et_pb_contact_field][et_pb_contact_field field_id=&#8221;Mensagem&#8221; field_title=&#8221;Mensagem&#8221; field_type=&#8221;text&#8221; fullwidth_field=&#8221;on&#8221; _builder_version=&#8221;4.9.4&#8243; form_field_background_color=&#8221;rgba(12,12,12,0.02)&#8221; form_field_font=&#8221;||||||||&#8221; custom_margin=&#8221;40px||20px|&#8221; border_width_all=&#8221;1px&#8221; field_background_color=&#8221;rgba(12,12,12,0.02)&#8221; button_text_size__hover_enabled=&#8221;off&#8221; button_one_text_size__hover_enabled=&#8221;off&#8221; button_two_text_size__hover_enabled=&#8221;off&#8221; button_text_color__hover_enabled=&#8221;off&#8221; button_one_text_color__hover_enabled=&#8221;off&#8221; button_two_text_color__hover_enabled=&#8221;off&#8221; button_border_width__hover_enabled=&#8221;off&#8221; button_one_border_width__hover_enabled=&#8221;off&#8221; button_two_border_width__hover_enabled=&#8221;off&#8221; button_border_color__hover_enabled=&#8221;off&#8221; button_one_border_color__hover_enabled=&#8221;off&#8221; button_two_border_color__hover_enabled=&#8221;off&#8221; button_border_radius__hover_enabled=&#8221;off&#8221; button_one_border_radius__hover_enabled=&#8221;off&#8221; button_two_border_radius__hover_enabled=&#8221;off&#8221; button_letter_spacing__hover_enabled=&#8221;off&#8221; button_one_letter_spacing__hover_enabled=&#8221;off&#8221; button_two_letter_spacing__hover_enabled=&#8221;off&#8221; button_bg_color__hover_enabled=&#8221;off&#8221; button_one_bg_color__hover_enabled=&#8221;off&#8221; button_two_bg_color__hover_enabled=&#8221;off&#8221;][\/et_pb_contact_field][\/et_pb_contact_form][\/et_pb_column_inner][\/et_pb_row_inner][\/et_pb_column][et_pb_column type=&#8221;1_2&#8243; _builder_version=&#8221;3.25&#8243; custom_padding=&#8221;|||&#8221; custom_padding__hover=&#8221;|||&#8221;][et_pb_blurb title=&#8221;Sede&#8221; use_icon=&#8221;on&#8221; font_icon=&#8221;%%249%%&#8221; icon_color=&#8221;#ffffff&#8221; use_circle=&#8221;on&#8221; circle_color=&#8221;#edbb5f&#8221; icon_placement=&#8221;left&#8221; use_icon_font_size=&#8221;on&#8221; icon_font_size=&#8221;24px&#8221; _builder_version=&#8221;4.9.4&#8243; header_font=&#8221;Poppins|700||on|||||&#8221; header_text_color=&#8221;rgba(0,0,0,0.4)&#8221; header_font_size=&#8221;14px&#8221; header_letter_spacing=&#8221;1px&#8221; body_font=&#8221;Poppins||||||||&#8221; body_text_color=&#8221;#000000&#8243; body_letter_spacing=&#8221;1px&#8221; body_line_height=&#8221;1.8em&#8221; text_orientation=&#8221;center&#8221; custom_margin=&#8221;||40px|&#8221; animation_style=&#8221;zoom&#8221; animation_intensity_zoom=&#8221;30%&#8221; animation=&#8221;off&#8221; border_style_all=&#8221;dashed&#8221; locked=&#8221;off&#8221;]<\/p>\n<p>Av. das Am\u00e9ricas, 3500<br \/>Bloco 05 &#8211; Pr\u00e9dio Hong Kong<br \/>Sala 203<\/p>\n<p>Condom\u00ednio Le Monde<br \/>Barra da Tijuca | Rio de Janeiro<br \/>Brasil \u2013 CEP: 22640-102<\/p>\n<p>[\/et_pb_blurb][et_pb_blurb title=&#8221;Sucursal&#8221; use_icon=&#8221;on&#8221; font_icon=&#8221;%%249%%&#8221; icon_color=&#8221;#ffffff&#8221; use_circle=&#8221;on&#8221; circle_color=&#8221;#edbb5f&#8221; icon_placement=&#8221;left&#8221; use_icon_font_size=&#8221;on&#8221; icon_font_size=&#8221;24px&#8221; _builder_version=&#8221;4.9.4&#8243; header_font=&#8221;Poppins|700||on|||||&#8221; header_text_color=&#8221;rgba(0,0,0,0.4)&#8221; header_font_size=&#8221;14px&#8221; header_letter_spacing=&#8221;1px&#8221; body_font=&#8221;Poppins||||||||&#8221; body_text_color=&#8221;#000000&#8243; body_letter_spacing=&#8221;1px&#8221; body_line_height=&#8221;1.8em&#8221; text_orientation=&#8221;center&#8221; custom_margin=&#8221;||40px|&#8221; animation_style=&#8221;zoom&#8221; animation_intensity_zoom=&#8221;30%&#8221; animation=&#8221;off&#8221; border_style_all=&#8221;dashed&#8221; locked=&#8221;off&#8221;]<\/p>\n<p>l\u2019avenue Mweka n\u00ba 9,<br \/>Quartier Punda, Binza Delvaux, <br \/>Commune de Ngaliema | Kinshasa\u00a0<br \/>R\u00e9publique D\u00e9mocratique du Congo<\/p>\n<p>[\/et_pb_blurb][\/et_pb_column][\/et_pb_section][et_pb_section fb_built=&#8221;1&#8243; admin_label=&#8221;Free Consult&#8221; _builder_version=&#8221;4.9.4&#8243; background_color=&#8221;rgba(0,0,0,0.72)&#8221; background_image=&#8221;http:\/\/ccbka.org.br\/wp-content\/uploads\/2021\/04\/WhatsApp-Image-2021-04-23-at-11.58.09.jpeg&#8221; background_size=&#8221;contain&#8221; background_position=&#8221;top_right&#8221; background_repeat=&#8221;repeat&#8221; background_blend=&#8221;color-dodge&#8221; custom_margin=&#8221;|||&#8221; custom_padding=&#8221;100px|0px|100px|0px&#8221;][et_pb_row _builder_version=&#8221;4.9.4&#8243; _module_preset=&#8221;default&#8221; custom_margin=&#8221;-52px|auto||auto||&#8221;][et_pb_column type=&#8221;4_4&#8243; _builder_version=&#8221;4.9.4&#8243; _module_preset=&#8221;default&#8221;][et_pb_text _builder_version=&#8221;4.9.4&#8243; _module_preset=&#8221;default&#8221; header_font=&#8221;Playfair Display|600|||||||&#8221; header_text_color=&#8221;#EDBB5F&#8221; header_font_size=&#8221;44px&#8221; background_enable_color=&#8221;off&#8221;]<\/p>\n<h1 style=\"text-align: left;\">Contatos<\/h1>\n<p>[\/et_pb_text][\/et_pb_column][\/et_pb_row][et_pb_row column_structure=&#8221;1_2,1_2&#8243; _builder_version=&#8221;4.9.4&#8243; custom_padding=&#8221;|||&#8221; animation_style=&#8221;slide&#8221; animation_direction=&#8221;left&#8221; animation_intensity_slide=&#8221;10%&#8221; animation_starting_opacity=&#8221;100%&#8221;][et_pb_column type=&#8221;1_2&#8243; _builder_version=&#8221;3.25&#8243; background_color=&#8221;#ffffff&#8221; custom_padding=&#8221;4%|5%|4%|5%&#8221; custom_padding__hover=&#8221;|||&#8221;][et_pb_text _builder_version=&#8221;4.9.4&#8243; text_text_color=&#8221;#edbb5f&#8221; text_font_size=&#8221;22px&#8221; header_font=&#8221;||||||||&#8221; header_font_size=&#8221;54px&#8221; header_2_font=&#8221;Playfair Display|700|||||||&#8221; header_2_font_size=&#8221;38px&#8221; header_2_letter_spacing=&#8221;1px&#8221; header_2_line_height=&#8221;1.4em&#8221; header_3_font=&#8221;Poppins|700||on|||||&#8221; header_3_text_color=&#8221;#3D3D3D&#8221; header_3_font_size=&#8221;27px&#8221; header_3_letter_spacing=&#8221;1px&#8221; header_3_line_height=&#8221;2em&#8221; max_width=&#8221;550px&#8221; custom_margin=&#8221;||1px|||&#8221; animation_direction=&#8221;bottom&#8221; locked=&#8221;off&#8221;]<\/p>\n<h3><strong>GIL GARRITANO\u00a0<\/strong><\/h3>\n<p>Presidente<\/p>\n<p><strong><\/strong><\/p>\n<p>[\/et_pb_text][et_pb_text _builder_version=&#8221;4.9.4&#8243; max_width=&#8221;550px&#8221; locked=&#8221;off&#8221;]<\/p>\n<p>Fone<br \/>(+55 21) 3815-5390<br \/>(+55 11) 94734-3919<\/p>\n<p>E-mail<br \/><a href=\"mailto:presidente@ccbka.org.br\">presidente@ccbka.org.br<\/a><\/p>\n<p><a href=\"http:\/\/www.ccbka.org.br\">www.ccbka.org.br<\/a><\/p>\n<p>[\/et_pb_text][\/et_pb_column][et_pb_column type=&#8221;1_2&#8243; _builder_version=&#8221;3.25&#8243; background_color=&#8221;#ffffff&#8221; custom_padding=&#8221;4%|5%|4%|5%&#8221; custom_padding__hover=&#8221;|||&#8221;][et_pb_text _builder_version=&#8221;4.9.4&#8243; text_text_color=&#8221;#EDBB5F&#8221; text_font_size=&#8221;22px&#8221; header_font=&#8221;||||||||&#8221; header_font_size=&#8221;54px&#8221; header_2_font=&#8221;Playfair Display|700|||||||&#8221; header_2_font_size=&#8221;38px&#8221; header_2_letter_spacing=&#8221;1px&#8221; header_2_line_height=&#8221;1.4em&#8221; header_3_font=&#8221;Poppins|700||on|||||&#8221; header_3_text_color=&#8221;#3D3D3D&#8221; header_3_font_size=&#8221;27px&#8221; header_3_letter_spacing=&#8221;1px&#8221; header_3_line_height=&#8221;2em&#8221; max_width=&#8221;550px&#8221; custom_margin=&#8221;||1px|||&#8221; animation_direction=&#8221;bottom&#8221; locked=&#8221;off&#8221;]<\/p>\n<h3><strong>YANICK MBAU KUSA KUSA<\/strong><\/h3>\n<p>Vice-Presidente BR<\/p>\n<p><strong><\/strong><\/p>\n<p>[\/et_pb_text][et_pb_text _builder_version=&#8221;4.9.4&#8243; max_width=&#8221;550px&#8221; locked=&#8221;off&#8221;]<\/p>\n<p>Fone<br \/>(+55 21) 3815-5390<br \/>(+55 21) 97904-6438<\/p>\n<p>E-mail<br \/><a href=\"mailto:presidente@ccbka.org.br\">vicepresidentebr@ccbka.org.br<\/a><\/p>\n<p><a href=\"http:\/\/www.ccbka.org.br\">www.ccbka.org.br<\/a><\/p>\n<p>[\/et_pb_text][\/et_pb_column][\/et_pb_row][et_pb_row column_structure=&#8221;1_2,1_2&#8243; _builder_version=&#8221;4.9.4&#8243; custom_padding=&#8221;|||&#8221; animation_style=&#8221;slide&#8221; animation_direction=&#8221;left&#8221; animation_intensity_slide=&#8221;10%&#8221; animation_starting_opacity=&#8221;100%&#8221;][et_pb_column type=&#8221;1_2&#8243; _builder_version=&#8221;3.25&#8243; background_color=&#8221;#ffffff&#8221; custom_padding=&#8221;4%|5%|4%|5%&#8221; custom_padding__hover=&#8221;|||&#8221;][et_pb_text _builder_version=&#8221;4.9.4&#8243; text_text_color=&#8221;#edbb5f&#8221; text_font_size=&#8221;22px&#8221; header_font=&#8221;||||||||&#8221; header_font_size=&#8221;54px&#8221; header_2_font=&#8221;Playfair Display|700|||||||&#8221; header_2_font_size=&#8221;38px&#8221; header_2_letter_spacing=&#8221;1px&#8221; header_2_line_height=&#8221;1.4em&#8221; header_3_font=&#8221;Poppins|700||on|||||&#8221; header_3_text_color=&#8221;#3D3D3D&#8221; header_3_font_size=&#8221;27px&#8221; header_3_letter_spacing=&#8221;1px&#8221; header_3_line_height=&#8221;2em&#8221; max_width=&#8221;550px&#8221; custom_margin=&#8221;||1px|||&#8221; animation_direction=&#8221;bottom&#8221; locked=&#8221;off&#8221;]<\/p>\n<h3><strong>MBAU KUSA KUSA ETIENNE<\/strong><\/h3>\n<p>Vice-Pr\u00e9sident RDC<\/p>\n<p><strong><\/strong><\/p>\n<p>[\/et_pb_text][et_pb_text _builder_version=&#8221;4.9.4&#8243; max_width=&#8221;550px&#8221; locked=&#8221;off&#8221;]<\/p>\n<p>Fone<br \/>(+243) 900773156\u00a0<br \/>(+243) 894319231<\/p>\n<p>E-mail<br \/><a href=\"mailto:vicepresidentrdc@ccbka.org.br\">vicepresidentrdc@ccbka.org.br<\/a><a href=\"mailto:presidente@ccbka.org.br\"> <\/a><\/p>\n<p><a href=\"http:\/\/www.ccbka.org.br\">www.ccbka.org.br<\/a><\/p>\n<p>[\/et_pb_text][\/et_pb_column][et_pb_column type=&#8221;1_2&#8243; _builder_version=&#8221;3.25&#8243; background_color=&#8221;#ffffff&#8221; custom_padding=&#8221;4%|5%|4%|5%&#8221; custom_padding__hover=&#8221;|||&#8221;][et_pb_text _builder_version=&#8221;4.9.4&#8243; text_text_color=&#8221;#EDBB5F&#8221; text_font_size=&#8221;22px&#8221; header_font=&#8221;||||||||&#8221; header_font_size=&#8221;54px&#8221; header_2_font=&#8221;Playfair Display|700|||||||&#8221; header_2_font_size=&#8221;38px&#8221; header_2_letter_spacing=&#8221;1px&#8221; header_2_line_height=&#8221;1.4em&#8221; header_3_font=&#8221;Poppins|700||on|||||&#8221; header_3_text_color=&#8221;#3D3D3D&#8221; header_3_font_size=&#8221;27px&#8221; header_3_line_height=&#8221;2em&#8221; max_width=&#8221;550px&#8221; custom_margin=&#8221;||0px||false|false&#8221; animation_direction=&#8221;bottom&#8221; locked=&#8221;off&#8221;]<\/p>\n<h3><strong>Dr. JOSU\u00c9 ELISEU ANTONIASSI<\/strong><\/h3>\n<p>Diretor Jur\u00eddico<\/p>\n<p><strong><\/strong><\/p>\n<p>[\/et_pb_text][et_pb_text _builder_version=&#8221;4.9.4&#8243; max_width=&#8221;550px&#8221; locked=&#8221;off&#8221;]<\/p>\n<p>Fone<br \/>(+55 21) 3815-5390<br \/>(+55 11) 98629-0878<\/p>\n<p>E-mail<br \/><a href=\"mailto:presidente@ccbka.org.br\"><\/a><a href=\"mailto:juridico@ccbka.org.br\">juridico@ccbka.org.br<\/a><a href=\"mailto:presidente@ccbka.org.br\"><\/a><\/p>\n<p><a href=\"http:\/\/www.ccbka.org.br\">www.ccbka.org.br<\/a><\/p>\n<p>[\/et_pb_text][\/et_pb_column][\/et_pb_row][\/et_pb_section]<\/p>\n","protected":false},"excerpt":{"rendered":"<p>[et_pb_section fb_built=&#8221;1&#8243; fullwidth=&#8221;on&#8221; admin_label=&#8221;Map Header&#8221; _builder_version=&#8221;4.9.4&#8243; background_position=&#8221;top_left&#8221; background_blend=&#8221;multiply&#8221; custom_padding=&#8221;||119px|||&#8221; hover_enabled=&#8221;0&#8243; sticky_enabled=&#8221;0&#8243; background_enable_image=&#8221;off&#8221; background_enable_color=&#8221;off&#8221;][et_pb_fullwidth_map _builder_version=&#8221;4.9.4&#8243; _module_preset=&#8221;default&#8221; hover_enabled=&#8221;0&#8243; sticky_enabled=&#8221;0&#8243;][\/et_pb_fullwidth_map][\/et_pb_section][et_pb_section fb_built=&#8221;1&#8243; specialty=&#8221;on&#8221; admin_label=&#8221;Contact&#8221; _builder_version=&#8221;3.22&#8243; background_color=&#8221;rgba(0,0,0,0)&#8221; custom_margin=&#8221;|||&#8221; custom_padding=&#8221;0px|0px|0px|0px||&#8221;][et_pb_column type=&#8221;1_2&#8243; specialty_columns=&#8221;2&#8243; _builder_version=&#8221;3.25&#8243; custom_padding=&#8221;|||&#8221; custom_padding__hover=&#8221;|||&#8221;][et_pb_row_inner custom_padding_last_edited=&#8221;on|desktop&#8221; _builder_version=&#8221;4.9.4&#8243; background_color=&#8221;#ffffff&#8221; custom_margin=&#8221;-200px||80px|&#8221; custom_padding=&#8221;60px|60px|60px|60px&#8221; custom_padding_tablet=&#8221;&#8221; custom_padding_phone=&#8221;|40px||40px&#8221; box_shadow_style=&#8221;preset3&#8243; box_shadow_vertical=&#8221;15px&#8221; box_shadow_blur=&#8221;80px&#8221;][et_pb_column_inner saved_specialty_column_type=&#8221;1_2&#8243; _builder_version=&#8221;3.25&#8243; custom_padding=&#8221;|||&#8221; custom_padding__hover=&#8221;|||&#8221;][et_pb_text _builder_version=&#8221;4.9.4&#8243; text_font=&#8221;||||||||&#8221; text_font_size=&#8221;4px&#8221; header_font=&#8221;Playfair Display|700||on|||||&#8221; header_font_size=&#8221;35px&#8221; header_letter_spacing=&#8221;1px&#8221; header_line_height=&#8221;1.4em&#8221; header_2_font=&#8221;||||||||&#8221; header_3_font=&#8221;||||||||&#8221; text_orientation=&#8221;center&#8221; max_width=&#8221;550px&#8221; [&hellip;]<\/p>\n","protected":false},"author":1,"featured_media":0,"parent":0,"menu_order":0,"comment_status":"closed","ping_status":"closed","template":"","meta":{"_et_pb_use_builder":"on","_et_pb_old_content":"<!-- wp:divi\/placeholder \/-->","_et_gb_content_width":""},"_links":{"self":[{"href":"https:\/\/ccbka.org.br\/index.php\/wp-json\/wp\/v2\/pages\/17"}],"collection":[{"href":"https:\/\/ccbka.org.br\/index.php\/wp-json\/wp\/v2\/pages"}],"about":[{"href":"https:\/\/ccbka.org.br\/index.php\/wp-json\/wp\/v2\/types\/page"}],"author":[{"embeddable":true,"href":"https:\/\/ccbka.org.br\/index.php\/wp-json\/wp\/v2\/users\/1"}],"replies":[{"embeddable":true,"href":"https:\/\/ccbka.org.br\/index.php\/wp-json\/wp\/v2\/comments?post=17"}],"version-history":[{"count":14,"href":"https:\/\/ccbka.org.br\/index.php\/wp-json\/wp\/v2\/pages\/17\/revisions"}],"predecessor-version":[{"id":316,"href":"https:\/\/ccbka.org.br\/index.php\/wp-json\/wp\/v2\/pages\/17\/revisions\/316"}],"wp:attachment":[{"href":"https:\/\/ccbka.org.br\/index.php\/wp-json\/wp\/v2\/media?parent=17"}],"curies":[{"name":"wp","href":"https:\/\/api.w.org\/{rel}","templated":true}]}}